{"id":434,"date":"2025-10-22T20:00:22","date_gmt":"2025-10-22T20:00:22","guid":{"rendered":"https:\/\/www.relational.dk\/?page_id=434"},"modified":"2025-10-27T22:11:03","modified_gmt":"2025-10-27T22:11:03","slug":"om","status":"publish","type":"page","link":"https:\/\/www.relational.dk\/index.php\/om\/","title":{"rendered":"Om"},"content":{"rendered":"\t\t<div data-elementor-type=\"wp-page\" data-elementor-id=\"434\" class=\"elementor elementor-434\">\n\t\t\t\t<div class=\"elementor-element elementor-element-4adc351 e-flex e-con-boxed e-con e-parent\" data-id=\"4adc351\" data-element_type=\"container\">\n\t\t\t\t\t<div class=\"e-con-inner\">\n\t\t\t\t<div class=\"elementor-element elementor-element-ae4e019 elementor-widget elementor-widget-spacer\" data-id=\"ae4e019\" data-element_type=\"widget\" data-widget_type=\"spacer.default\">\n\t\t\t\t<div class=\"elementor-widget-container\">\n\t\t\t\t\t\t\t<div class=\"elementor-spacer\">\n\t\t\t<div class=\"elementor-spacer-inner\"><\/div>\n\t\t<\/div>\n\t\t\t\t\t\t<\/div>\n\t\t\t\t<\/div>\n\t\t\t\t<div class=\"elementor-element elementor-element-c0da517 elementor-widget elementor-widget-image\" data-id=\"c0da517\" data-element_type=\"widget\" data-widget_type=\"image.default\">\n\t\t\t\t<div class=\"elementor-widget-container\">\n\t\t\t\t\t\t\t\t\t\t\t\t\t\t\t<img decoding=\"async\" width=\"300\" height=\"114\" src=\"https:\/\/www.relational.dk\/wp-content\/uploads\/2025\/05\/Artboard-1-copy-1-300x114.png\" class=\"attachment-medium size-medium wp-image-49\" alt=\"\" srcset=\"https:\/\/www.relational.dk\/wp-content\/uploads\/2025\/05\/Artboard-1-copy-1-300x114.png 300w, https:\/\/www.relational.dk\/wp-content\/uploads\/2025\/05\/Artboard-1-copy-1-1024x390.png 1024w, https:\/\/www.relational.dk\/wp-content\/uploads\/2025\/05\/Artboard-1-copy-1-768x292.png 768w, https:\/\/www.relational.dk\/wp-content\/uploads\/2025\/05\/Artboard-1-copy-1-125x48.png 125w, https:\/\/www.relational.dk\/wp-content\/uploads\/2025\/05\/Artboard-1-copy-1.png 1500w\" sizes=\"(max-width: 300px) 100vw, 300px\" \/>\t\t\t\t\t\t\t\t\t\t\t\t\t\t\t<\/div>\n\t\t\t\t<\/div>\n\t\t\t\t\t<\/div>\n\t\t\t\t<\/div>\n\t\t<div class=\"elementor-element elementor-element-6b974fb e-flex e-con-boxed e-con e-parent\" data-id=\"6b974fb\" data-element_type=\"container\">\n\t\t\t\t\t<div class=\"e-con-inner\">\n\t\t\t\t<div class=\"elementor-element elementor-element-ca06268 elementor-widget elementor-widget-spacer\" data-id=\"ca06268\" data-element_type=\"widget\" data-widget_type=\"spacer.default\">\n\t\t\t\t<div class=\"elementor-widget-container\">\n\t\t\t\t\t\t\t<div class=\"elementor-spacer\">\n\t\t\t<div class=\"elementor-spacer-inner\"><\/div>\n\t\t<\/div>\n\t\t\t\t\t\t<\/div>\n\t\t\t\t<\/div>\n\t\t\t\t\t<\/div>\n\t\t\t\t<\/div>\n\t\t<div class=\"elementor-element elementor-element-63b4b8f e-grid e-con-boxed e-con e-parent\" data-id=\"63b4b8f\" data-element_type=\"container\">\n\t\t\t\t\t<div class=\"e-con-inner\">\n\t\t\t\t<div class=\"elementor-element elementor-element-1c2a75b elementor-widget elementor-widget-text-editor\" data-id=\"1c2a75b\" data-element_type=\"widget\" data-widget_type=\"text-editor.default\">\n\t\t\t\t<div class=\"elementor-widget-container\">\n\t\t\t\t\t\t\t\t\t<p class=\"p1\" style=\"font-style: normal; font-variant-numeric: normal; font-variant-east-asian: normal; font-variant-alternates: normal; font-size-adjust: none; font-kerning: auto; font-optical-sizing: auto; font-feature-settings: normal; font-variation-settings: normal; font-variant-position: normal; font-variant-emoji: normal; font-weight: 400; font-stretch: normal; font-size: 26px; line-height: normal; font-family: 'Canela Text'; margin-bottom: 12px; color: #000000; text-align: center;\"><i>Hos Relational arbejder vi med adf\u00e6rdsdesign i arkitektur, ud fra en grundl\u00e6ggende overbevisning: At beslutninger bliver bedre, n\u00e5r de bygger p\u00e5 viden om dem, der skal bruge bygningen. Vi yder r\u00e5dgivning i design- og byggeprocesser, med udgangspunkt i hvordan mennesker rent faktisk oplever og anvender bygninger og<span class=\"Apple-converted-space\">\u00a0\u00a0<\/span>rum.<\/i><\/p><p class=\"p1\" style=\"font-style: normal; font-variant-numeric: normal; font-variant-east-asian: normal; font-variant-alternates: normal; font-size-adjust: none; font-kerning: auto; font-optical-sizing: auto; font-feature-settings: normal; font-variation-settings: normal; font-variant-position: normal; font-variant-emoji: normal; font-weight: 400; font-stretch: normal; font-size: 26px; line-height: normal; font-family: 'Canela Text'; margin-bottom: 12px; color: #000000; text-align: center;\"><i>\u00a0<\/i><\/p><p class=\"p1\" style=\"font-style: normal; font-variant-numeric: normal; font-variant-east-asian: normal; font-variant-alternates: normal; font-size-adjust: none; font-kerning: auto; font-optical-sizing: auto; font-feature-settings: normal; font-variation-settings: normal; font-variant-position: normal; font-variant-emoji: normal; font-weight: 400; font-stretch: normal; font-size: 26px; line-height: normal; font-family: 'Canela Text'; margin-bottom: 12px; color: #000000; text-align: center;\"><i>Vores metode \u2013 Relationelt Design \u2013 oms\u00e6tter menneskelig indsigt til konkrete og kvalificerede designvalg. Vi benytter bl.a. 1:1 prototyper og stedsspecifikke brugerunders\u00f8gelser til at forst\u00e5 adf\u00e6rd, behov og oplevelser i praksis.<\/i><\/p>\t\t\t\t\t\t\t\t<\/div>\n\t\t\t\t<\/div>\n\t\t\t\t<div class=\"elementor-element elementor-element-9c91ae2 elementor-widget elementor-widget-spacer\" data-id=\"9c91ae2\" data-element_type=\"widget\" data-widget_type=\"spacer.default\">\n\t\t\t\t<div class=\"elementor-widget-container\">\n\t\t\t\t\t\t\t<div class=\"elementor-spacer\">\n\t\t\t<div class=\"elementor-spacer-inner\"><\/div>\n\t\t<\/div>\n\t\t\t\t\t\t<\/div>\n\t\t\t\t<\/div>\n\t\t\t\t\t<\/div>\n\t\t\t\t<\/div>\n\t\t<div class=\"elementor-element elementor-element-a6bcfc4 e-grid e-con-boxed e-con e-parent\" data-id=\"a6bcfc4\" data-element_type=\"container\">\n\t\t\t\t\t<div class=\"e-con-inner\">\n\t\t\t\t<div class=\"elementor-element elementor-element-4cfec6a elementor-widget elementor-widget-image\" data-id=\"4cfec6a\" data-element_type=\"widget\" data-widget_type=\"image.default\">\n\t\t\t\t<div class=\"elementor-widget-container\">\n\t\t\t\t\t\t\t\t\t\t\t\t\t\t\t<img fetchpriority=\"high\" decoding=\"async\" width=\"700\" height=\"700\" src=\"https:\/\/www.relational.dk\/wp-content\/uploads\/2025\/10\/CB-vignet_BW_700x700px.png\" class=\"attachment-large size-large wp-image-839\" alt=\"\" srcset=\"https:\/\/www.relational.dk\/wp-content\/uploads\/2025\/10\/CB-vignet_BW_700x700px.png 700w, https:\/\/www.relational.dk\/wp-content\/uploads\/2025\/10\/CB-vignet_BW_700x700px-300x300.png 300w, https:\/\/www.relational.dk\/wp-content\/uploads\/2025\/10\/CB-vignet_BW_700x700px-150x150.png 150w\" sizes=\"(max-width: 700px) 100vw, 700px\" \/>\t\t\t\t\t\t\t\t\t\t\t\t\t\t\t<\/div>\n\t\t\t\t<\/div>\n\t\t\t\t\t<\/div>\n\t\t\t\t<\/div>\n\t\t<div class=\"elementor-element elementor-element-209cfb0 e-grid e-con-boxed e-con e-parent\" data-id=\"209cfb0\" data-element_type=\"container\">\n\t\t\t\t\t<div class=\"e-con-inner\">\n\t\t\t\t<div class=\"elementor-element elementor-element-1294547 elementor-widget elementor-widget-text-editor\" data-id=\"1294547\" data-element_type=\"widget\" data-widget_type=\"text-editor.default\">\n\t\t\t\t<div class=\"elementor-widget-container\">\n\t\t\t\t\t\t\t\t\t<p class=\"p1\" style=\"margin-bottom: 12px; font-style: normal; font-variant-numeric: normal; font-variant-east-asian: normal; font-variant-alternates: normal; font-size-adjust: none; font-kerning: auto; font-optical-sizing: auto; font-feature-settings: normal; font-variation-settings: normal; font-variant-position: normal; font-variant-emoji: normal; font-weight: 400; font-stretch: normal; font-size: 24px; line-height: normal; font-family: Barlow; color: #000000; text-align: center;\"><span style=\"font-size: 16px;\">Stifter Cameline Bolbroe er arkitekt og Ph.d. i tilpasningsdygtig arkitektur og har 10+ \u00e5rs erfaring i at oms\u00e6tte indsigt og viden til l\u00f8sninger i byggeriet, der skaber v\u00e6rdi for mennesker i virkeligheden. Med sin erfaring fra anvendt forskning i adf\u00e6rdsbaseret design og ledelse af b\u00e6redygtig udvikling, arbejder hun med dyb forst\u00e5else af adf\u00e6rd og behov, som grundlag for meningsfuld arkitektur. Ud over sin erfaring fra byggebranchen, bl.a. fra en st\u00f8rre dansk tegnestue, har Cameline har bidraget til til internationale konferencer, forskningsprojekter, udstillinger, opl\u00e6g og undervisning.<span class=\"Apple-converted-space\">&nbsp;<\/span><\/span><\/p>\t\t\t\t\t\t\t\t<\/div>\n\t\t\t\t<\/div>\n\t\t\t\t\t<\/div>\n\t\t\t\t<\/div>\n\t\t<div class=\"elementor-element elementor-element-6ec990c e-flex e-con-boxed e-con e-parent\" data-id=\"6ec990c\" data-element_type=\"container\">\n\t\t\t\t\t<div class=\"e-con-inner\">\n\t\t\t\t\t<\/div>\n\t\t\t\t<\/div>\n\t\t\t\t<\/div>\n\t\t","protected":false},"excerpt":{"rendered":"<p>Hos Relational arbejder vi med adf\u00e6rdsdesign i arkitektur, ud fra en grundl\u00e6ggende overbevisning: At beslutninger bliver bedre, n\u00e5r de bygger [&hellip;]<\/p>\n","protected":false},"author":1,"featured_media":0,"parent":0,"menu_order":0,"comment_status":"closed","ping_status":"closed","template":"","meta":{"site-sidebar-layout":"no-sidebar","site-content-layout":"","ast-site-content-layout":"full-width-container","site-content-style":"default","site-sidebar-style":"default","ast-global-header-display":"","ast-banner-title-visibility":"","ast-main-header-display":"","ast-hfb-above-header-display":"","ast-hfb-below-header-display":"","ast-hfb-mobile-header-display":"","site-post-title":"disabled","ast-breadcrumbs-content":"","ast-featured-img":"disabled","footer-sml-layout":"","theme-transparent-header-meta":"","adv-header-id-meta":"","stick-header-meta":"","header-above-stick-meta":"","header-main-stick-meta":"","header-below-stick-meta":"","astra-migrate-meta-layouts":"default","ast-page-background-enabled":"default","ast-page-background-meta":{"desktop":{"background-color":"var(--ast-global-color-5)","background-image":"","background-repeat":"repeat","background-position":"center center","background-size":"auto","background-attachment":"scroll","background-type":"","background-media":"","overlay-type":"","overlay-color":"","overlay-opacity":"","overlay-gradient":""},"tablet":{"background-color":"","background-image":"","background-repeat":"repeat","background-position":"center center","background-size":"auto","background-attachment":"scroll","background-type":"","background-media":"","overlay-type":"","overlay-color":"","overlay-opacity":"","overlay-gradient":""},"mobile":{"background-color":"","background-image":"","background-repeat":"repeat","background-position":"center center","background-size":"auto","background-attachment":"scroll","background-type":"","background-media":"","overlay-type":"","overlay-color":"","overlay-opacity":"","overlay-gradient":""}},"ast-content-background-meta":{"desktop":{"background-color":"var(--ast-global-color-4)","background-image":"","background-repeat":"repeat","background-position":"center center","background-size":"auto","background-attachment":"scroll","background-type":"","background-media":"","overlay-type":"","overlay-color":"","overlay-opacity":"","overlay-gradient":""},"tablet":{"background-color":"var(--ast-global-color-4)","background-image":"","background-repeat":"repeat","background-position":"center center","background-size":"auto","background-attachment":"scroll","background-type":"","background-media":"","overlay-type":"","overlay-color":"","overlay-opacity":"","overlay-gradient":""},"mobile":{"background-color":"var(--ast-global-color-4)","background-image":"","background-repeat":"repeat","background-position":"center center","background-size":"auto","background-attachment":"scroll","background-type":"","background-media":"","overlay-type":"","overlay-color":"","overlay-opacity":"","overlay-gradient":""}},"footnotes":""},"class_list":["post-434","page","type-page","status-publish","hentry"],"_links":{"self":[{"href":"https:\/\/www.relational.dk\/index.php\/wp-json\/wp\/v2\/pages\/434","targetHints":{"allow":["GET"]}}],"collection":[{"href":"https:\/\/www.relational.dk\/index.php\/wp-json\/wp\/v2\/pages"}],"about":[{"href":"https:\/\/www.relational.dk\/index.php\/wp-json\/wp\/v2\/types\/page"}],"author":[{"embeddable":true,"href":"https:\/\/www.relational.dk\/index.php\/wp-json\/wp\/v2\/users\/1"}],"replies":[{"embeddable":true,"href":"https:\/\/www.relational.dk\/index.php\/wp-json\/wp\/v2\/comments?post=434"}],"version-history":[{"count":91,"href":"https:\/\/www.relational.dk\/index.php\/wp-json\/wp\/v2\/pages\/434\/revisions"}],"predecessor-version":[{"id":974,"href":"https:\/\/www.relational.dk\/index.php\/wp-json\/wp\/v2\/pages\/434\/revisions\/974"}],"wp:attachment":[{"href":"https:\/\/www.relational.dk\/index.php\/wp-json\/wp\/v2\/media?parent=434"}],"curies":[{"name":"wp","href":"https:\/\/api.w.org\/{rel}","templated":true}]}}