{"id":439,"date":"2025-10-22T20:02:18","date_gmt":"2025-10-22T20:02:18","guid":{"rendered":"https:\/\/www.relational.dk\/?page_id=439"},"modified":"2025-10-28T09:47:24","modified_gmt":"2025-10-28T09:47:24","slug":"ydelser","status":"publish","type":"page","link":"https:\/\/www.relational.dk\/index.php\/ydelser\/","title":{"rendered":"Ydelser"},"content":{"rendered":"\t\t<div data-elementor-type=\"wp-page\" data-elementor-id=\"439\" class=\"elementor elementor-439\">\n\t\t\t\t<div class=\"elementor-element elementor-element-916664a e-flex e-con-boxed e-con e-parent\" data-id=\"916664a\" data-element_type=\"container\">\n\t\t\t\t\t<div class=\"e-con-inner\">\n\t\t\t\t<div class=\"elementor-element elementor-element-ddeff02 elementor-widget elementor-widget-text-editor\" data-id=\"ddeff02\" data-element_type=\"widget\" data-widget_type=\"text-editor.default\">\n\t\t\t\t<div class=\"elementor-widget-container\">\n\t\t\t\t\t\t\t\t\t<p class=\"p1\" style=\"margin-bottom: 0px; font-style: normal; font-variant-numeric: normal; font-variant-east-asian: normal; font-variant-alternates: normal; font-size-adjust: none; font-kerning: auto; font-optical-sizing: auto; font-feature-settings: normal; font-variation-settings: normal; font-variant-position: normal; font-variant-emoji: normal; font-weight: 400; font-stretch: normal; font-size: 26px; line-height: normal; font-family: 'Canela Text'; color: #000000; text-align: center;\"><span class=\"s1\" style=\"font-variant-ligatures: no-common-ligatures;\"><i>Relational tilbyder r\u00e5dgivning indenfor adf\u00e6rdsdesign og social b\u00e6redygtighed i byggeriet. Ved hj\u00e6lp af unders\u00f8gelser og v\u00e6rkt\u00f8jer, der tager afs\u00e6t i det levede liv i arkitekturens fysiske rammer,\u00a0bygger vi bro mellem ambition og handling. Vi skaber adgang til den indsigt, som opst\u00e5r i m\u00f8det mellem menneske og bygning.<\/i><\/span><\/p>\t\t\t\t\t\t\t\t<\/div>\n\t\t\t\t<\/div>\n\t\t\t\t\t<\/div>\n\t\t\t\t<\/div>\n\t\t<div class=\"elementor-element elementor-element-18608e6 e-flex e-con-boxed e-con e-parent\" data-id=\"18608e6\" data-element_type=\"container\">\n\t\t\t\t\t<div class=\"e-con-inner\">\n\t\t<div class=\"elementor-element elementor-element-8f0f9a9 e-grid e-con-boxed e-con e-child\" data-id=\"8f0f9a9\" data-element_type=\"container\">\n\t\t\t\t\t<div class=\"e-con-inner\">\n\t\t\t\t<div class=\"elementor-element elementor-element-49952e0 elementor-widget elementor-widget-image\" data-id=\"49952e0\" data-element_type=\"widget\" data-widget_type=\"image.default\">\n\t\t\t\t<div class=\"elementor-widget-container\">\n\t\t\t\t\t\t\t\t\t\t\t\t\t\t\t<img fetchpriority=\"high\" decoding=\"async\" width=\"452\" height=\"524\" src=\"https:\/\/www.relational.dk\/wp-content\/uploads\/2025\/10\/bestpractice.png\" class=\"attachment-large size-large wp-image-641\" alt=\"\" srcset=\"https:\/\/www.relational.dk\/wp-content\/uploads\/2025\/10\/bestpractice.png 452w, https:\/\/www.relational.dk\/wp-content\/uploads\/2025\/10\/bestpractice-259x300.png 259w\" sizes=\"(max-width: 452px) 100vw, 452px\" \/>\t\t\t\t\t\t\t\t\t\t\t\t\t\t\t<\/div>\n\t\t\t\t<\/div>\n\t\t\t\t<div class=\"elementor-element elementor-element-f4ab2d3 elementor-widget elementor-widget-text-editor\" data-id=\"f4ab2d3\" data-element_type=\"widget\" data-widget_type=\"text-editor.default\">\n\t\t\t\t<div class=\"elementor-widget-container\">\n\t\t\t\t\t\t\t\t\t<p style=\"margin-bottom: 12px; font-style: normal; font-variant-numeric: normal; font-variant-east-asian: normal; font-variant-alternates: normal; font-size-adjust: none; font-kerning: auto; font-optical-sizing: auto; font-feature-settings: normal; font-variation-settings: normal; font-variant-position: normal; font-variant-emoji: normal; font-weight: 400; font-stretch: normal; font-size: 23px; line-height: normal; font-family: Barlow; color: #000000;\"><span style=\"font-size: 16px;\">\u00a0<\/span><span style=\"font-size: 16px;\">Vi hj\u00e6lper jer med at<\/span><span style=\"font-weight: bold; font-size: 16px;\">\u00a0oms\u00e6tte eksisterende krav, standarder og\u00a0 viden til konkrete anbefalinger og koncepter<\/span><span style=\"font-size: 16px;\">, som styrker kvaliteten i de tidlige beslutningsfaser. Det kan fx v\u00e6re:<\/span><\/p><ul style=\"color: #000000; font-size: medium; font-style: normal; font-weight: 400;\"><li style=\"margin-bottom: 12px; font-style: normal; font-variant-numeric: normal; font-variant-east-asian: normal; font-variant-alternates: normal; font-size-adjust: none; font-kerning: auto; font-optical-sizing: auto; font-feature-settings: normal; font-variation-settings: normal; font-variant-position: normal; font-variant-emoji: normal; font-weight: normal; font-stretch: normal; font-size: 23px; line-height: normal; font-family: Barlow;\"><span style=\"font-size: 16px;\">Afklaring og vejledning i sociale kriterier i certificeringsordninger eller lovgivning<\/span><\/li><li style=\"margin-bottom: 12px; font-style: normal; font-variant-numeric: normal; font-variant-east-asian: normal; font-variant-alternates: normal; font-size-adjust: none; font-kerning: auto; font-optical-sizing: auto; font-feature-settings: normal; font-variation-settings: normal; font-variant-position: normal; font-variant-emoji: normal; font-weight: normal; font-stretch: normal; font-size: 23px; line-height: normal; font-family: Barlow;\"><span style=\"font-size: 16px;\">Udarbejdelse af brugergrupper- og profiler og m\u00e5lgruppedata til kvalificering af designvalg<\/span><\/li><li style=\"margin-bottom: 12px; font-style: normal; font-variant-numeric: normal; font-variant-east-asian: normal; font-variant-alternates: normal; font-size-adjust: none; font-kerning: auto; font-optical-sizing: auto; font-feature-settings: normal; font-variation-settings: normal; font-variant-position: normal; font-variant-emoji: normal; font-weight: normal; font-stretch: normal; font-size: 23px; line-height: normal; font-family: Barlow;\"><span style=\"font-size: 16px;\">Opsamling og overs\u00e6ttelse af forskningsbaseret viden, s\u00e5 den bliver anvendelig i programmering og design<\/span><\/li><\/ul><p style=\"margin-bottom: 12px; font-style: normal; font-variant-numeric: normal; font-variant-east-asian: normal; font-variant-alternates: normal; font-size-adjust: none; font-kerning: auto; font-optical-sizing: auto; font-feature-settings: normal; font-variation-settings: normal; font-variant-position: normal; font-variant-emoji: normal; font-weight: 400; font-stretch: normal; font-size: 23px; line-height: normal; font-family: Barlow; color: #000000;\"><span style=\"font-size: 16px;\">\u00a0<\/span><\/p>\t\t\t\t\t\t\t\t<\/div>\n\t\t\t\t<\/div>\n\t\t\t\t<div class=\"elementor-element elementor-element-eec8305 elementor-widget elementor-widget-image\" data-id=\"eec8305\" data-element_type=\"widget\" data-widget_type=\"image.default\">\n\t\t\t\t<div class=\"elementor-widget-container\">\n\t\t\t\t\t\t\t\t\t\t\t\t\t\t\t<img decoding=\"async\" width=\"452\" height=\"524\" src=\"https:\/\/www.relational.dk\/wp-content\/uploads\/2025\/10\/beh01.png\" class=\"attachment-large size-large wp-image-643\" alt=\"\" srcset=\"https:\/\/www.relational.dk\/wp-content\/uploads\/2025\/10\/beh01.png 452w, https:\/\/www.relational.dk\/wp-content\/uploads\/2025\/10\/beh01-259x300.png 259w\" sizes=\"(max-width: 452px) 100vw, 452px\" \/>\t\t\t\t\t\t\t\t\t\t\t\t\t\t\t<\/div>\n\t\t\t\t<\/div>\n\t\t\t\t<div class=\"elementor-element elementor-element-d56f2e8 elementor-widget elementor-widget-text-editor\" data-id=\"d56f2e8\" data-element_type=\"widget\" data-widget_type=\"text-editor.default\">\n\t\t\t\t<div class=\"elementor-widget-container\">\n\t\t\t\t\t\t\t\t\t<p class=\"p1\" style=\"margin-bottom: 12px; font-style: normal; font-variant-numeric: normal; font-variant-east-asian: normal; font-variant-alternates: normal; font-size-adjust: none; font-kerning: auto; font-optical-sizing: auto; font-feature-settings: normal; font-variation-settings: normal; font-variant-position: normal; font-variant-emoji: normal; font-weight: 400; font-stretch: normal; font-size: 23px; line-height: normal; font-family: Barlow; color: #000000;\"><span style=\"font-size: 16px;\">Vi udf\u00f8rer <b>evidensbaserede unders\u00f8gelser med afs\u00e6t i arkitekturens fysiske rammer<\/b>. Det giver adgang til den ofte ubevidste viden, som brugerne<span class=\"Apple-converted-space\">\u00a0 <\/span>besidder \u2013 og som vi kan hj\u00e6lpe jer med at oms\u00e6tte til konkrete l\u00f8sninger. S\u00e5dan en indsigt g\u00f8r forskellen mellem design, der ser godt ud p\u00e5 tegningen, og det der rent faktisk virker.<\/span><\/p><ul class=\"ul1\" style=\"color: #000000; font-size: medium; font-style: normal; font-weight: 400;\"><li class=\"li1\" style=\"margin-bottom: 12px; font-style: normal; font-variant-numeric: normal; font-variant-east-asian: normal; font-variant-alternates: normal; font-size-adjust: none; font-kerning: auto; font-optical-sizing: auto; font-feature-settings: normal; font-variation-settings: normal; font-variant-position: normal; font-variant-emoji: normal; font-weight: normal; font-stretch: normal; font-size: 23px; line-height: normal; font-family: Barlow;\"><span style=\"font-size: 16px;\">Indsamling af af viden om menneskers adf\u00e6rd og oplevelser i relation til projektets kontekst og m\u00e5ls\u00e6tninger<\/span><\/li><li class=\"li1\" style=\"margin-bottom: 12px; font-style: normal; font-variant-numeric: normal; font-variant-east-asian: normal; font-variant-alternates: normal; font-size-adjust: none; font-kerning: auto; font-optical-sizing: auto; font-feature-settings: normal; font-variation-settings: normal; font-variant-position: normal; font-variant-emoji: normal; font-weight: normal; font-stretch: normal; font-size: 23px; line-height: normal; font-family: Barlow;\"><span style=\"font-size: 16px;\">Identifikation af behov og pr\u00e6ferencer med afs\u00e6t i eksisterende eller sammenlignelige fysiske omgivelser<\/span><\/li><li class=\"li1\" style=\"margin-bottom: 12px; font-style: normal; font-variant-numeric: normal; font-variant-east-asian: normal; font-variant-alternates: normal; font-size-adjust: none; font-kerning: auto; font-optical-sizing: auto; font-feature-settings: normal; font-variation-settings: normal; font-variant-position: normal; font-variant-emoji: normal; font-weight: normal; font-stretch: normal; font-size: 23px; line-height: normal; font-family: Barlow;\"><span style=\"font-size: 16px;\">Anbefalinger og retningslinjer p\u00e5 baggrund kvalitative unders\u00f8gelsesformater tilpasset projektets specifikke rammer<\/span><\/li><\/ul>\t\t\t\t\t\t\t\t<\/div>\n\t\t\t\t<\/div>\n\t\t\t\t<div class=\"elementor-element elementor-element-b3f47fd elementor-widget elementor-widget-image\" data-id=\"b3f47fd\" data-element_type=\"widget\" data-widget_type=\"image.default\">\n\t\t\t\t<div class=\"elementor-widget-container\">\n\t\t\t\t\t\t\t\t\t\t\t\t\t\t\t<img decoding=\"async\" width=\"453\" height=\"525\" src=\"https:\/\/www.relational.dk\/wp-content\/uploads\/2025\/10\/cod01.png\" class=\"attachment-large size-large wp-image-645\" alt=\"\" srcset=\"https:\/\/www.relational.dk\/wp-content\/uploads\/2025\/10\/cod01.png 453w, https:\/\/www.relational.dk\/wp-content\/uploads\/2025\/10\/cod01-259x300.png 259w\" sizes=\"(max-width: 453px) 100vw, 453px\" \/>\t\t\t\t\t\t\t\t\t\t\t\t\t\t\t<\/div>\n\t\t\t\t<\/div>\n\t\t\t\t<div class=\"elementor-element elementor-element-e8f6d48 elementor-widget elementor-widget-text-editor\" data-id=\"e8f6d48\" data-element_type=\"widget\" data-widget_type=\"text-editor.default\">\n\t\t\t\t<div class=\"elementor-widget-container\">\n\t\t\t\t\t\t\t\t\t<p style=\"margin-bottom: 12px; font-style: normal; font-variant-numeric: normal; font-variant-east-asian: normal; font-variant-alternates: normal; font-size-adjust: none; font-kerning: auto; font-optical-sizing: auto; font-feature-settings: normal; font-variation-settings: normal; font-variant-position: normal; font-variant-emoji: normal; font-weight: 400; font-stretch: normal; font-size: 23px; line-height: normal; font-family: Barlow; color: #000000;\"><span style=\"font-size: 16px;\">Vi arbejder med participatoriske metoder, hvor deltagelse og samskabelse er en aktiv og unders\u00f8gende proces. Her er mennesker ikke blot brugere og interessenter &#8211; men aktive medspillere i udviklingen af l\u00f8sninger. Gennem m\u00e5lrettede afpr\u00f8vninger skaber vi <b>adgang til den indsigt, som opst\u00e5r i m\u00f8det mellem menneske og bygning.&nbsp;<\/b> Vores metoder sp\u00e6nder bl.a. over:<\/span><\/p>\n<ul style=\"color: #000000; font-size: medium; font-style: normal; font-weight: 400;\">\n<li style=\"margin-bottom: 12px; font-style: normal; font-variant-numeric: normal; font-variant-east-asian: normal; font-variant-alternates: normal; font-size-adjust: none; font-kerning: auto; font-optical-sizing: auto; font-feature-settings: normal; font-variation-settings: normal; font-variant-position: normal; font-variant-emoji: normal; font-weight: normal; font-stretch: normal; font-size: 23px; line-height: normal; font-family: Barlow;\"><span style=\"font-size: 16px;\">Cultural probing og persona-opbygning, hvor deltagere indsamler refleksioner og data fra deres egen hverdag eller arbejdsliv<\/span><\/li>\n<li style=\"margin-bottom: 12px; font-style: normal; font-variant-numeric: normal; font-variant-east-asian: normal; font-variant-alternates: normal; font-size-adjust: none; font-kerning: auto; font-optical-sizing: auto; font-feature-settings: normal; font-variation-settings: normal; font-variant-position: normal; font-variant-emoji: normal; font-weight: normal; font-stretch: normal; font-size: 23px; line-height: normal; font-family: Barlow;\"><span style=\"font-size: 16px;\">Fuldskala afpr\u00f8vninger, der g\u00f8r det muligt at opleve og evaluere fysiske rammer i praksis, for at afs\u00f8ge muligheder og udfordringer&nbsp; \u2013 f\u00f8r beslutninger l\u00e5ses<\/span><\/li>\n<li style=\"margin-bottom: 12px; font-style: normal; font-variant-numeric: normal; font-variant-east-asian: normal; font-variant-alternates: normal; font-size-adjust: none; font-kerning: auto; font-optical-sizing: auto; font-feature-settings: normal; font-variation-settings: normal; font-variant-position: normal; font-variant-emoji: normal; font-weight: normal; font-stretch: normal; font-size: 23px; line-height: normal; font-family: Barlow;\"><span style=\"font-size: 16px;\">Scenariebaseret design, hvor vi arbejder med brugsformer og funktioner i rum, b\u00e5de nu og for fremtiden<\/span><\/li>\n<\/ul>\t\t\t\t\t\t\t\t<\/div>\n\t\t\t\t<\/div>\n\t\t\t\t\t<\/div>\n\t\t\t\t<\/div>\n\t\t\t\t\t<\/div>\n\t\t\t\t<\/div>\n\t\t\t\t<\/div>\n\t\t","protected":false},"excerpt":{"rendered":"<p>Relational tilbyder r\u00e5dgivning indenfor adf\u00e6rdsdesign og social b\u00e6redygtighed i byggeriet. Ved hj\u00e6lp af unders\u00f8gelser og v\u00e6rkt\u00f8jer, der tager afs\u00e6t i [&hellip;]<\/p>\n","protected":false},"author":1,"featured_media":0,"parent":0,"menu_order":0,"comment_status":"closed","ping_status":"closed","template":"","meta":{"site-sidebar-layout":"no-sidebar","site-content-layout":"","ast-site-content-layout":"full-width-container","site-content-style":"default","site-sidebar-style":"default","ast-global-header-display":"","ast-banner-title-visibility":"","ast-main-header-display":"","ast-hfb-above-header-display":"","ast-hfb-below-header-display":"","ast-hfb-mobile-header-display":"","site-post-title":"disabled","ast-breadcrumbs-content":"","ast-featured-img":"disabled","footer-sml-layout":"","theme-transparent-header-meta":"","adv-header-id-meta":"","stick-header-meta":"","header-above-stick-meta":"","header-main-stick-meta":"","header-below-stick-meta":"","astra-migrate-meta-layouts":"default","ast-page-background-enabled":"default","ast-page-background-meta":{"desktop":{"background-color":"var(--ast-global-color-5)","background-image":"","background-repeat":"repeat","background-position":"center center","background-size":"auto","background-attachment":"scroll","background-type":"","background-media":"","overlay-type":"","overlay-color":"","overlay-opacity":"","overlay-gradient":""},"tablet":{"background-color":"","background-image":"","background-repeat":"repeat","background-position":"center center","background-size":"auto","background-attachment":"scroll","background-type":"","background-media":"","overlay-type":"","overlay-color":"","overlay-opacity":"","overlay-gradient":""},"mobile":{"background-color":"","background-image":"","background-repeat":"repeat","background-position":"center center","background-size":"auto","background-attachment":"scroll","background-type":"","background-media":"","overlay-type":"","overlay-color":"","overlay-opacity":"","overlay-gradient":""}},"ast-content-background-meta":{"desktop":{"background-color":"var(--ast-global-color-4)","background-image":"","background-repeat":"repeat","background-position":"center center","background-size":"auto","background-attachment":"scroll","background-type":"","background-media":"","overlay-type":"","overlay-color":"","overlay-opacity":"","overlay-gradient":""},"tablet":{"background-color":"var(--ast-global-color-4)","background-image":"","background-repeat":"repeat","background-position":"center center","background-size":"auto","background-attachment":"scroll","background-type":"","background-media":"","overlay-type":"","overlay-color":"","overlay-opacity":"","overlay-gradient":""},"mobile":{"background-color":"var(--ast-global-color-4)","background-image":"","background-repeat":"repeat","background-position":"center center","background-size":"auto","background-attachment":"scroll","background-type":"","background-media":"","overlay-type":"","overlay-color":"","overlay-opacity":"","overlay-gradient":""}},"footnotes":""},"class_list":["post-439","page","type-page","status-publish","hentry"],"_links":{"self":[{"href":"https:\/\/www.relational.dk\/index.php\/wp-json\/wp\/v2\/pages\/439","targetHints":{"allow":["GET"]}}],"collection":[{"href":"https:\/\/www.relational.dk\/index.php\/wp-json\/wp\/v2\/pages"}],"about":[{"href":"https:\/\/www.relational.dk\/index.php\/wp-json\/wp\/v2\/types\/page"}],"author":[{"embeddable":true,"href":"https:\/\/www.relational.dk\/index.php\/wp-json\/wp\/v2\/users\/1"}],"replies":[{"embeddable":true,"href":"https:\/\/www.relational.dk\/index.php\/wp-json\/wp\/v2\/comments?post=439"}],"version-history":[{"count":298,"href":"https:\/\/www.relational.dk\/index.php\/wp-json\/wp\/v2\/pages\/439\/revisions"}],"predecessor-version":[{"id":995,"href":"https:\/\/www.relational.dk\/index.php\/wp-json\/wp\/v2\/pages\/439\/revisions\/995"}],"wp:attachment":[{"href":"https:\/\/www.relational.dk\/index.php\/wp-json\/wp\/v2\/media?parent=439"}],"curies":[{"name":"wp","href":"https:\/\/api.w.org\/{rel}","templated":true}]}}